{"id":14,"date":"2016-02-19T09:13:30","date_gmt":"2016-02-19T08:13:30","guid":{"rendered":"https:\/\/epmehrum.atelierzidlicky.eu\/?page_id=14"},"modified":"2023-05-23T08:37:35","modified_gmt":"2023-05-23T07:37:35","slug":"contact","status":"publish","type":"page","link":"https:\/\/www.epmehrum.de\/en\/contact\/","title":{"rendered":"Impressum"},"content":{"rendered":"\n<h2 class=\"wp-block-heading\"><strong>EP Mehrum GmbH<\/strong><\/h2>\n\n\n\n<p>Ludwig-Ganghofer-Strasse 1<br>82031 Gr\u00fcnwald, Germany<\/p>\n\n\n\n<p>T: +49 89 25 00 63 41 0<br>M: +49 1515 15 39 388<br>Fax : +49 89 25 00 63 41 9<br>E-Mail: <a href=\"mailto:info@epmehrum.de\">info@epmehrum.de<\/a><\/p>\n\n\n\n<p>Managing directors: Filip Bizn\u00e1r, Armin Fieber, Milan Jalov\u00fd<br>Registered office: Gr\u00fcnwald, Amtsgericht M\u00fcnchen HRB 261426<br>VAT-ID Nr.: DE314304961<br>Tax no.: 143\/134\/01600<\/p>\n","protected":false},"excerpt":{"rendered":"<p>EP Mehrum GmbH Ludwig-Ganghofer-Strasse 182031 Gr\u00fcnwald, Germany T: +49 89 25 00 63 41 0M: +49 1515 15 39 388Fax : +49 89 25 00 63 41 9E-Mail: info@epmehrum.de Managing directors: Filip Bizn\u00e1r, Armin Fieber, Milan Jalov\u00fdRegistered office: Gr\u00fcnwald, Amtsgericht M\u00fcnchen HRB 261426VAT-ID Nr.: DE314304961Tax no.: 143\/134\/01600<\/p>\n","protected":false},"author":1,"featured_media":5263,"parent":0,"menu_order":11,"comment_status":"closed","ping_status":"closed","template":"tpl-contact.php","meta":{"footnotes":""},"class_list":["post-14","page","type-page","status-publish","has-post-thumbnail","hentry"],"acf":[],"aioseo_notices":[],"_links":{"self":[{"href":"https:\/\/www.epmehrum.de\/en\/wp-json\/wp\/v2\/pages\/14","targetHints":{"allow":["GET"]}}],"collection":[{"href":"https:\/\/www.epmehrum.de\/en\/wp-json\/wp\/v2\/pages"}],"about":[{"href":"https:\/\/www.epmehrum.de\/en\/wp-json\/wp\/v2\/types\/page"}],"author":[{"embeddable":true,"href":"https:\/\/www.epmehrum.de\/en\/wp-json\/wp\/v2\/users\/1"}],"replies":[{"embeddable":true,"href":"https:\/\/www.epmehrum.de\/en\/wp-json\/wp\/v2\/comments?post=14"}],"version-history":[{"count":3,"href":"https:\/\/www.epmehrum.de\/en\/wp-json\/wp\/v2\/pages\/14\/revisions"}],"predecessor-version":[{"id":5303,"href":"https:\/\/www.epmehrum.de\/en\/wp-json\/wp\/v2\/pages\/14\/revisions\/5303"}],"wp:featuredmedia":[{"embeddable":true,"href":"https:\/\/www.epmehrum.de\/en\/wp-json\/wp\/v2\/media\/5263"}],"wp:attachment":[{"href":"https:\/\/www.epmehrum.de\/en\/wp-json\/wp\/v2\/media?parent=14"}],"curies":[{"name":"wp","href":"https:\/\/api.w.org\/{rel}","templated":true}]}}